{"id":9,"date":"2026-04-12T18:02:52","date_gmt":"2026-04-12T21:02:52","guid":{"rendered":"http:\/\/vanglog.com\/?page_id=9"},"modified":"2026-04-12T19:20:40","modified_gmt":"2026-04-12T22:20:40","slug":"inicio","status":"publish","type":"page","link":"https:\/\/vanglog.com\/","title":{"rendered":"In\u00edcio"},"content":{"rendered":"\n<p>Bem-vindo ao Vanglog.<\/p>\n\n\n\n<p><\/p>\n\n\n\n<p>O Vanglog \u00e9 um portal criado para apoiar opera\u00e7\u00f5es log\u00edsticas, oferecendo ferramentas pr\u00e1ticas e informa\u00e7\u00f5es \u00fateis para o dia a dia.<\/p>\n\n\n\n<p>Aqui voc\u00ea poder\u00e1 acessar simuladores, consultar dados e melhorar o controle dos seus processos log\u00edsticos.<\/p>\n\n\n\n<p>Utilize nossas ferramentas e otimize suas opera\u00e7\u00f5es.<\/p>\n\n\n\n<p><\/p>\n","protected":false},"excerpt":{"rendered":"<p>Bem-vindo ao Vanglog. O Vanglog \u00e9 um portal criado para apoiar opera\u00e7\u00f5es log\u00edsticas, oferecendo ferramentas pr\u00e1ticas e informa\u00e7\u00f5es \u00fateis para o dia a dia. Aqui voc\u00ea poder\u00e1 acessar simuladores, consultar dados e melhorar o controle dos seus processos log\u00edsticos. Utilize nossas ferramentas e otimize suas opera\u00e7\u00f5es.<\/p>\n","protected":false},"author":1,"featured_media":0,"parent":0,"menu_order":0,"comment_status":"closed","ping_status":"closed","template":"","meta":{"footnotes":""},"class_list":["post-9","page","type-page","status-publish","hentry"],"_links":{"self":[{"href":"https:\/\/vanglog.com\/index.php?rest_route=\/wp\/v2\/pages\/9","targetHints":{"allow":["GET"]}}],"collection":[{"href":"https:\/\/vanglog.com\/index.php?rest_route=\/wp\/v2\/pages"}],"about":[{"href":"https:\/\/vanglog.com\/index.php?rest_route=\/wp\/v2\/types\/page"}],"author":[{"embeddable":true,"href":"https:\/\/vanglog.com\/index.php?rest_route=\/wp\/v2\/users\/1"}],"replies":[{"embeddable":true,"href":"https:\/\/vanglog.com\/index.php?rest_route=%2Fwp%2Fv2%2Fcomments&post=9"}],"version-history":[{"count":3,"href":"https:\/\/vanglog.com\/index.php?rest_route=\/wp\/v2\/pages\/9\/revisions"}],"predecessor-version":[{"id":21,"href":"https:\/\/vanglog.com\/index.php?rest_route=\/wp\/v2\/pages\/9\/revisions\/21"}],"wp:attachment":[{"href":"https:\/\/vanglog.com\/index.php?rest_route=%2Fwp%2Fv2%2Fmedia&parent=9"}],"curies":[{"name":"wp","href":"https:\/\/api.w.org\/{rel}","templated":true}]}}