{"id":11,"date":"2026-04-12T18:08:07","date_gmt":"2026-04-12T21:08:07","guid":{"rendered":"http:\/\/vanglog.com\/?page_id=11"},"modified":"2026-04-16T13:47:17","modified_gmt":"2026-04-16T12:47:17","slug":"ferramentas","status":"publish","type":"page","link":"https:\/\/vanglog.com\/?page_id=11","title":{"rendered":"Ferramentas"},"content":{"rendered":"\n<p>Nesta se\u00e7\u00e3o voc\u00ea encontrar\u00e1 simuladores e utilidades para c\u00e1lculo de custos log\u00edsticos.<\/p>\n\n\n\n<div class=\"wp-block-buttons is-layout-flex wp-block-buttons-is-layout-flex\">\n<div class=\"wp-block-button\"><a class=\"wp-block-button__link wp-element-button\" href=\"https:\/\/vanglog.com\/?page_id=32\">Simulador Enana<\/a><\/div>\n<\/div>\n\n\n\n<p><\/p>\n","protected":false},"excerpt":{"rendered":"<p>Nesta se\u00e7\u00e3o voc\u00ea encontrar\u00e1 simuladores e utilidades para c\u00e1lculo de custos log\u00edsticos.<\/p>\n","protected":false},"author":1,"featured_media":0,"parent":0,"menu_order":0,"comment_status":"closed","ping_status":"closed","template":"","meta":{"footnotes":""},"class_list":["post-11","page","type-page","status-publish","hentry"],"_links":{"self":[{"href":"https:\/\/vanglog.com\/index.php?rest_route=\/wp\/v2\/pages\/11","targetHints":{"allow":["GET"]}}],"collection":[{"href":"https:\/\/vanglog.com\/index.php?rest_route=\/wp\/v2\/pages"}],"about":[{"href":"https:\/\/vanglog.com\/index.php?rest_route=\/wp\/v2\/types\/page"}],"author":[{"embeddable":true,"href":"https:\/\/vanglog.com\/index.php?rest_route=\/wp\/v2\/users\/1"}],"replies":[{"embeddable":true,"href":"https:\/\/vanglog.com\/index.php?rest_route=%2Fwp%2Fv2%2Fcomments&post=11"}],"version-history":[{"count":19,"href":"https:\/\/vanglog.com\/index.php?rest_route=\/wp\/v2\/pages\/11\/revisions"}],"predecessor-version":[{"id":86,"href":"https:\/\/vanglog.com\/index.php?rest_route=\/wp\/v2\/pages\/11\/revisions\/86"}],"wp:attachment":[{"href":"https:\/\/vanglog.com\/index.php?rest_route=%2Fwp%2Fv2%2Fmedia&parent=11"}],"curies":[{"name":"wp","href":"https:\/\/api.w.org\/{rel}","templated":true}]}}